{"id":2233,"date":"2014-03-17T10:39:49","date_gmt":"2014-03-17T08:39:49","guid":{"rendered":"http:\/\/hotelslovan.sk\/?page_id=2233"},"modified":"2023-12-29T12:35:31","modified_gmt":"2023-12-29T10:35:31","slug":"kontakt","status":"publish","type":"page","link":"https:\/\/hotelslovan.sk\/en\/kontakt\/","title":{"rendered":"CONTACT INFORMATION"},"content":{"rendered":"<div class=\"row\"><div class=\"small-12 medium-6 columns\"><\/p>\n<h2><b>Hotel SLOVAN***\u00a0<\/b><\/h2>\n<p>Tatransk\u00e1 Lomnica 46<br \/>\n059 60 Vysok\u00e9 Tatry<br \/>\nSlovak republic<\/p>\n<p>GPS: \u00a0 \u00a0 49.1681 N, 20.2745 E<br \/>\ne-mail:\u00a0<a href=\"mailto:recepcia@hotelslovan.sk\">recepcia@hotelslovan.sk<\/a><br \/>\nMob: <a href=\"tel:+421948204040\">+421 948 20 40 40<\/a><br \/>\nTel: <a href=\"tel:+421527847777\">+421 52 784 77 77<\/a><\/p>\n<h2><b>Documents:<\/b><\/h2>\n<ul>\n<li><a href=\"https:\/\/hotelslovan.sk\/wp-content\/uploads\/2022\/12\/2022-hs-vop.pdf\" target=\"_blank\" rel=\"noopener\">Terms and conditions<\/a><\/li>\n<li><a href=\"https:\/\/hotelslovan.sk\/wp-content\/uploads\/2022\/12\/2022-hs-ubytovaci-poriadok.pdf\" target=\"_blank\" rel=\"noopener\">Accommodation regulations<\/a><\/li>\n<li><a href=\"https:\/\/hotelslovan.sk\/wp-content\/uploads\/2022\/12\/2022-hs-reklamacny-poriadok.pdf\" target=\"_blank\" rel=\"noopener\">Return policy<\/a><\/li>\n<li><a href=\"https:\/\/hotelslovan.sk\/wp-content\/uploads\/2022\/12\/2022-hs-gdpr.pdf\" target=\"_blank\" rel=\"noopener\">Privacy policy<\/a><\/li>\n<li><a href=\"https:\/\/hotelslovan.sk\/cookie-policy\/\" target=\"_blank\" rel=\"noopener\">Cookie policy<\/a><\/li>\n<\/ul>\n<p><\/div> <!-- .columns -->\n<div class=\"small-12 medium-6 columns\"><\/p>\n<h2>Provider:<\/h2>\n<p>COOP Jednota Bratislava &#8211; vidiek<br \/>\nH\u00e1lkova 1, 830 01 Bratislava 38<br \/>\nSlovak republic<\/p>\n<p>Spolo\u010dnos\u0165 zap\u00edsan\u00e1 v obch. reg. Okr. s\u00fadu Bratislava 1 Oddiel Dr vlo\u017eka \u010d.:115\/B<br \/>\nI\u010cO: 00168823<br \/>\nDI\u010c: 2020371639<br \/>\nI\u010c DPH: SK2020371639<\/p>\n<p><\/div> <!-- .columns --><\/div> <!-- .row -->\n<div><iframe src=\"https:\/\/www.google.com\/maps\/embed?pb=!1m18!1m12!1m3!1d2572.7859396455483!2d20.27249711716214!3d49.16828981769801!2m3!1f0!2f0!3f0!3m2!1i1024!2i768!4f13.1!3m3!1m2!1s0x473e22535c644f21%3A0x58d45e6a16c62ef1!2sTatransk%C3%A1%20Lomnica%2046%2C%20062%2001%20Vysok%C3%A9%20Tatry-Tatransk%C3%A1%20Lomnica!5e0!3m2!1sen!2ssk!4v1685516490176!5m2!1sen!2ssk\" width=\"840\" height=\"450\" style=\"border:0;\" allowfullscreen=\"\" loading=\"lazy\" referrerpolicy=\"no-referrer-when-downgrade\"><\/iframe><\/div>\n","protected":false},"excerpt":{"rendered":"","protected":false},"author":11,"featured_media":0,"parent":0,"menu_order":0,"comment_status":"closed","ping_status":"closed","template":"","meta":{"_acf_changed":false,"footnotes":""},"class_list":["post-2233","page","type-page","status-publish","hentry"],"acf":[],"_links":{"self":[{"href":"https:\/\/hotelslovan.sk\/en\/wp-json\/wp\/v2\/pages\/2233","targetHints":{"allow":["GET"]}}],"collection":[{"href":"https:\/\/hotelslovan.sk\/en\/wp-json\/wp\/v2\/pages"}],"about":[{"href":"https:\/\/hotelslovan.sk\/en\/wp-json\/wp\/v2\/types\/page"}],"author":[{"embeddable":true,"href":"https:\/\/hotelslovan.sk\/en\/wp-json\/wp\/v2\/users\/11"}],"replies":[{"embeddable":true,"href":"https:\/\/hotelslovan.sk\/en\/wp-json\/wp\/v2\/comments?post=2233"}],"version-history":[{"count":5,"href":"https:\/\/hotelslovan.sk\/en\/wp-json\/wp\/v2\/pages\/2233\/revisions"}],"predecessor-version":[{"id":32185,"href":"https:\/\/hotelslovan.sk\/en\/wp-json\/wp\/v2\/pages\/2233\/revisions\/32185"}],"wp:attachment":[{"href":"https:\/\/hotelslovan.sk\/en\/wp-json\/wp\/v2\/media?parent=2233"}],"curies":[{"name":"wp","href":"https:\/\/api.w.org\/{rel}","templated":true}]}}