{"id":24744,"date":"2016-03-11T15:34:11","date_gmt":"2016-03-11T13:34:11","guid":{"rendered":"http:\/\/hotelslovan.sk\/?page_id=24744\/"},"modified":"2024-07-12T17:08:23","modified_gmt":"2024-07-12T15:08:23","slug":"double-room-standard","status":"publish","type":"page","link":"https:\/\/hotelslovan.sk\/en\/accommodation-lomnica-tatry\/double-room-standard\/","title":{"rendered":"Double room STANDARD"},"content":{"rendered":"<div class=\"row\"><div class=\"small-12 medium-6 columns\"><\/p>\n<p><span style=\"font-weight: 400;\">The <\/span><b>STANDARD double rooms<\/b><span style=\"font-weight: 400;\"> provide comfortable accommodation for two guests. You can choose from rooms with a view of either the valley or the High Tatras. The bathroom includes either a bathtub or a shower, with a toilet. If you require a baby cot or an extra bed, please let our reception desk know and we\u2019ll be happy to accommodate you for an additional fee. Some rooms are also available in a twin layout upon request.<\/span><\/p>\n<h2>Additional information:<\/h2>\n<p><strong>In selected rooms, it is possible<\/strong> to place a baby cot, an extra bed, or separate beds.<br \/>\nMax: 2+1 persons<br \/>\nView: <strong>valley or High Tatras, without balcony<\/strong><\/p>\n<p><\/div> <!-- .columns -->\n<div class=\"small-12 medium-6 columns\"><\/p>\n<h2>Room facilities:<\/h2>\n<ul>\n<li><strong>Double Bed<\/strong> 180&#215;200 cm \/ 2x twin beds 90&#215;200 cm<\/li>\n<li>LCD \/ LED TV<\/li>\n<li>Hotel telephone<\/li>\n<li>Black-out curtains<\/li>\n<li>Bathroom with shower \/ bathtub and toilet<\/li>\n<li>Hair dryer<\/li>\n<li>Fire detector<\/li>\n<\/ul>\n<p><\/div> <!-- .columns --><\/div> <!-- .row -->\n<p class=\"text-center\"><a href=\"https:\/\/booking.hotelslovan.sk\" class=\"button radius uppercase\">Reservation <span class=\"button__arrow\">&gt;<\/span><\/a><\/p>\n<p><a rel=\"popup[24744]\" href=\"https:\/\/hotelslovan.sk\/wp-content\/uploads\/2023\/03\/GER_3079.jpg\"><img loading=\"lazy\" decoding=\"async\" class=\"alignnone size-medium wp-image-28758\" src=\"https:\/\/hotelslovan.sk\/wp-content\/uploads\/2023\/03\/GER_3079.jpg\" alt=\"Double room STANDARD\" width=\"255\" height=\"170\" srcset=\"https:\/\/hotelslovan.sk\/wp-content\/uploads\/2023\/03\/GER_3079.jpg 1200w, https:\/\/hotelslovan.sk\/wp-content\/uploads\/2023\/03\/GER_3079-300x200.jpg 300w, https:\/\/hotelslovan.sk\/wp-content\/uploads\/2023\/03\/GER_3079-863x576.jpg 863w, https:\/\/hotelslovan.sk\/wp-content\/uploads\/2023\/03\/GER_3079-600x401.jpg 600w\" sizes=\"auto, (max-width: 255px) 100vw, 255px\" \/><\/a><a rel=\"popup[24744]\" href=\"https:\/\/hotelslovan.sk\/wp-content\/uploads\/2023\/03\/GER_3096.jpg\"><img loading=\"lazy\" decoding=\"async\" class=\"alignnone size-medium wp-image-28782\" src=\"https:\/\/hotelslovan.sk\/wp-content\/uploads\/2023\/03\/GER_3096.jpg\" alt=\"Double room STANDARD - k\u00fape\u013e\u0148a\" width=\"255\" height=\"170\" srcset=\"https:\/\/hotelslovan.sk\/wp-content\/uploads\/2023\/03\/GER_3096.jpg 1200w, https:\/\/hotelslovan.sk\/wp-content\/uploads\/2023\/03\/GER_3096-300x200.jpg 300w, https:\/\/hotelslovan.sk\/wp-content\/uploads\/2023\/03\/GER_3096-863x576.jpg 863w, https:\/\/hotelslovan.sk\/wp-content\/uploads\/2023\/03\/GER_3096-600x401.jpg 600w\" sizes=\"auto, (max-width: 255px) 100vw, 255px\" \/><\/a><a rel=\"popup[24744]\" href=\"https:\/\/hotelslovan.sk\/wp-content\/uploads\/2023\/03\/GER_3105.jpg\"><img loading=\"lazy\" decoding=\"async\" class=\"alignnone size-medium wp-image-28794\" src=\"https:\/\/hotelslovan.sk\/wp-content\/uploads\/2023\/03\/GER_3105.jpg\" alt=\"Double room STANDARD- k\u00fape\u013e\u0148a\" width=\"255\" height=\"170\" srcset=\"https:\/\/hotelslovan.sk\/wp-content\/uploads\/2023\/03\/GER_3105.jpg 1200w, https:\/\/hotelslovan.sk\/wp-content\/uploads\/2023\/03\/GER_3105-300x200.jpg 300w, https:\/\/hotelslovan.sk\/wp-content\/uploads\/2023\/03\/GER_3105-863x576.jpg 863w, https:\/\/hotelslovan.sk\/wp-content\/uploads\/2023\/03\/GER_3105-600x401.jpg 600w\" sizes=\"auto, (max-width: 255px) 100vw, 255px\" \/><\/a><a rel=\"popup[24744]\" href=\"https:\/\/hotelslovan.sk\/wp-content\/uploads\/2023\/03\/GER_3104.jpg\"><img loading=\"lazy\" decoding=\"async\" class=\"alignnone size-medium wp-image-28791\" src=\"https:\/\/hotelslovan.sk\/wp-content\/uploads\/2023\/03\/GER_3104.jpg\" alt=\"Double room STANDARD- k\u00fape\u013e\u0148a\" width=\"255\" height=\"170\" srcset=\"https:\/\/hotelslovan.sk\/wp-content\/uploads\/2023\/03\/GER_3104.jpg 1200w, https:\/\/hotelslovan.sk\/wp-content\/uploads\/2023\/03\/GER_3104-300x200.jpg 300w, https:\/\/hotelslovan.sk\/wp-content\/uploads\/2023\/03\/GER_3104-863x576.jpg 863w, https:\/\/hotelslovan.sk\/wp-content\/uploads\/2023\/03\/GER_3104-600x401.jpg 600w\" sizes=\"auto, (max-width: 255px) 100vw, 255px\" \/><\/a><a rel=\"popup[24744]\" href=\"https:\/\/hotelslovan.sk\/wp-content\/uploads\/2023\/03\/GER_3103.jpg\"><img loading=\"lazy\" decoding=\"async\" class=\"alignnone size-medium wp-image-28788\" src=\"https:\/\/hotelslovan.sk\/wp-content\/uploads\/2023\/03\/GER_3103.jpg\" alt=\"Double room STANDARD s pr\u00edstelkou\" width=\"255\" height=\"170\" srcset=\"https:\/\/hotelslovan.sk\/wp-content\/uploads\/2023\/03\/GER_3103.jpg 1200w, https:\/\/hotelslovan.sk\/wp-content\/uploads\/2023\/03\/GER_3103-300x200.jpg 300w, https:\/\/hotelslovan.sk\/wp-content\/uploads\/2023\/03\/GER_3103-863x576.jpg 863w, https:\/\/hotelslovan.sk\/wp-content\/uploads\/2023\/03\/GER_3103-600x401.jpg 600w\" sizes=\"auto, (max-width: 255px) 100vw, 255px\" \/><\/a><a rel=\"popup[24744]\" href=\"https:\/\/hotelslovan.sk\/wp-content\/uploads\/2023\/03\/GER_3098.jpg\"><img loading=\"lazy\" decoding=\"async\" class=\"alignnone size-medium wp-image-28785\" src=\"https:\/\/hotelslovan.sk\/wp-content\/uploads\/2023\/03\/GER_3098.jpg\" alt=\"Double room STANDARD s pr\u00edstelkou\" width=\"255\" height=\"170\" srcset=\"https:\/\/hotelslovan.sk\/wp-content\/uploads\/2023\/03\/GER_3098.jpg 1200w, https:\/\/hotelslovan.sk\/wp-content\/uploads\/2023\/03\/GER_3098-300x200.jpg 300w, https:\/\/hotelslovan.sk\/wp-content\/uploads\/2023\/03\/GER_3098-863x576.jpg 863w, https:\/\/hotelslovan.sk\/wp-content\/uploads\/2023\/03\/GER_3098-600x401.jpg 600w\" sizes=\"auto, (max-width: 255px) 100vw, 255px\" \/><\/a><a rel=\"popup[24744]\" href=\"https:\/\/hotelslovan.sk\/wp-content\/uploads\/2018\/06\/RBS_1293-864x576.jpg\"><img loading=\"lazy\" decoding=\"async\" class=\"alignnone size-medium wp-image-26449\" src=\"https:\/\/hotelslovan.sk\/wp-content\/uploads\/2018\/06\/RBS_1293-864x576.jpg\" alt=\"Double room STANDARD\" width=\"255\" height=\"170\" srcset=\"https:\/\/hotelslovan.sk\/wp-content\/uploads\/2018\/06\/RBS_1293-864x576.jpg 864w, https:\/\/hotelslovan.sk\/wp-content\/uploads\/2018\/06\/RBS_1293-300x200.jpg 300w, https:\/\/hotelslovan.sk\/wp-content\/uploads\/2018\/06\/RBS_1293-600x400.jpg 600w\" sizes=\"auto, (max-width: 255px) 100vw, 255px\" \/><\/a><a rel=\"popup[24744]\" href=\"https:\/\/hotelslovan.sk\/wp-content\/uploads\/2018\/06\/RBS_1297-876x576.jpg\"><img loading=\"lazy\" decoding=\"async\" class=\"alignnone size-medium wp-image-26455\" src=\"https:\/\/hotelslovan.sk\/wp-content\/uploads\/2018\/06\/RBS_1297-876x576.jpg\" alt=\"Double room STANDARD\" width=\"255\" height=\"170\" \/><\/a><a rel=\"popup[24744]\" href=\"https:\/\/hotelslovan.sk\/wp-content\/uploads\/2018\/06\/RBS_1299-864x576.jpg\"><img loading=\"lazy\" decoding=\"async\" class=\"alignnone size-medium wp-image-26458\" src=\"https:\/\/hotelslovan.sk\/wp-content\/uploads\/2018\/06\/RBS_1299-864x576.jpg\" alt=\"Double room STANDARD\" width=\"255\" height=\"170\" srcset=\"https:\/\/hotelslovan.sk\/wp-content\/uploads\/2018\/06\/RBS_1299-864x576.jpg 864w, https:\/\/hotelslovan.sk\/wp-content\/uploads\/2018\/06\/RBS_1299-300x200.jpg 300w, https:\/\/hotelslovan.sk\/wp-content\/uploads\/2018\/06\/RBS_1299-600x400.jpg 600w\" sizes=\"auto, (max-width: 255px) 100vw, 255px\" \/><\/a><a rel=\"popup[24744]\" href=\"https:\/\/hotelslovan.sk\/wp-content\/uploads\/2018\/06\/RBS_1284-1-864x576.jpg\"><img loading=\"lazy\" decoding=\"async\" class=\"alignnone size-medium wp-image-26461\" src=\"https:\/\/hotelslovan.sk\/wp-content\/uploads\/2018\/06\/RBS_1284-1-864x576.jpg\" alt=\"Double room STANDARD\" width=\"255\" height=\"170\" srcset=\"https:\/\/hotelslovan.sk\/wp-content\/uploads\/2018\/06\/RBS_1284-1-864x576.jpg 864w, https:\/\/hotelslovan.sk\/wp-content\/uploads\/2018\/06\/RBS_1284-1-300x200.jpg 300w, https:\/\/hotelslovan.sk\/wp-content\/uploads\/2018\/06\/RBS_1284-1-600x400.jpg 600w\" sizes=\"auto, (max-width: 255px) 100vw, 255px\" \/><\/a><a rel=\"popup[24744]\" href=\"https:\/\/hotelslovan.sk\/wp-content\/uploads\/2018\/06\/RBS_1304-864x576.jpg\"><img loading=\"lazy\" decoding=\"async\" class=\"alignnone size-medium wp-image-26464\" src=\"https:\/\/hotelslovan.sk\/wp-content\/uploads\/2018\/06\/RBS_1304-864x576.jpg\" alt=\"Double room STANDARD\" width=\"255\" height=\"170\" \/><\/a><a rel=\"popup[24744]\" href=\"https:\/\/hotelslovan.sk\/wp-content\/uploads\/2018\/06\/RBS_1306-864x576.jpg\"><img loading=\"lazy\" decoding=\"async\" class=\"alignnone size-medium wp-image-26467\" src=\"https:\/\/hotelslovan.sk\/wp-content\/uploads\/2018\/06\/RBS_1306-864x576.jpg\" alt=\"Double room STANDARD\" width=\"255\" height=\"170\" srcset=\"https:\/\/hotelslovan.sk\/wp-content\/uploads\/2018\/06\/RBS_1306-864x576.jpg 864w, https:\/\/hotelslovan.sk\/wp-content\/uploads\/2018\/06\/RBS_1306-300x200.jpg 300w, https:\/\/hotelslovan.sk\/wp-content\/uploads\/2018\/06\/RBS_1306-600x400.jpg 600w\" sizes=\"auto, (max-width: 255px) 100vw, 255px\" \/><\/a><\/p>\n<p>&nbsp;<\/p>\n","protected":false},"excerpt":{"rendered":"<p>&nbsp;<\/p>\n","protected":false},"author":11,"featured_media":0,"parent":2256,"menu_order":4,"comment_status":"closed","ping_status":"closed","template":"","meta":{"_acf_changed":false,"footnotes":""},"class_list":["post-24744","page","type-page","status-publish","hentry"],"acf":[],"_links":{"self":[{"href":"https:\/\/hotelslovan.sk\/en\/wp-json\/wp\/v2\/pages\/24744","targetHints":{"allow":["GET"]}}],"collection":[{"href":"https:\/\/hotelslovan.sk\/en\/wp-json\/wp\/v2\/pages"}],"about":[{"href":"https:\/\/hotelslovan.sk\/en\/wp-json\/wp\/v2\/types\/page"}],"author":[{"embeddable":true,"href":"https:\/\/hotelslovan.sk\/en\/wp-json\/wp\/v2\/users\/11"}],"replies":[{"embeddable":true,"href":"https:\/\/hotelslovan.sk\/en\/wp-json\/wp\/v2\/comments?post=24744"}],"version-history":[{"count":4,"href":"https:\/\/hotelslovan.sk\/en\/wp-json\/wp\/v2\/pages\/24744\/revisions"}],"predecessor-version":[{"id":32357,"href":"https:\/\/hotelslovan.sk\/en\/wp-json\/wp\/v2\/pages\/24744\/revisions\/32357"}],"up":[{"embeddable":true,"href":"https:\/\/hotelslovan.sk\/en\/wp-json\/wp\/v2\/pages\/2256"}],"wp:attachment":[{"href":"https:\/\/hotelslovan.sk\/en\/wp-json\/wp\/v2\/media?parent=24744"}],"curies":[{"name":"wp","href":"https:\/\/api.w.org\/{rel}","templated":true}]}}