{"id":26723,"date":"2018-08-28T17:57:29","date_gmt":"2018-08-28T15:57:29","guid":{"rendered":"https:\/\/hotelslovan.sk\/?page_id=26723"},"modified":"2018-08-28T17:57:29","modified_gmt":"2018-08-28T15:57:29","slug":"deals","status":"publish","type":"page","link":"https:\/\/hotelslovan.sk\/en\/deals\/","title":{"rendered":"Deals \u2013 HotelSlovan***"},"content":{"rendered":"<p>Vychutnajte si v\u00fdnimo\u010dn\u00fa dovolenku s de\u0165mi v top rodinnom relax hoteli. Vyberte si z akciovej ponuky a z\u00edskajte pobyty najv\u00fdhodnej\u0161ie online. <\/p>\n<div class=\"row hs-izby\"><\/div>\n","protected":false},"excerpt":{"rendered":"<p>Vychutnajte si v\u00fdnimo\u010dn\u00fa dovolenku s de\u0165mi v top rodinnom relax hoteli. Vyberte si z akciovej ponuky a z\u00edskajte pobyty najv\u00fdhodnej\u0161ie online.<\/p>\n","protected":false},"author":11,"featured_media":0,"parent":0,"menu_order":0,"comment_status":"closed","ping_status":"closed","template":"","meta":{"_acf_changed":false,"footnotes":""},"class_list":["post-26723","page","type-page","status-publish","hentry"],"acf":[],"_links":{"self":[{"href":"https:\/\/hotelslovan.sk\/en\/wp-json\/wp\/v2\/pages\/26723","targetHints":{"allow":["GET"]}}],"collection":[{"href":"https:\/\/hotelslovan.sk\/en\/wp-json\/wp\/v2\/pages"}],"about":[{"href":"https:\/\/hotelslovan.sk\/en\/wp-json\/wp\/v2\/types\/page"}],"author":[{"embeddable":true,"href":"https:\/\/hotelslovan.sk\/en\/wp-json\/wp\/v2\/users\/11"}],"replies":[{"embeddable":true,"href":"https:\/\/hotelslovan.sk\/en\/wp-json\/wp\/v2\/comments?post=26723"}],"version-history":[{"count":0,"href":"https:\/\/hotelslovan.sk\/en\/wp-json\/wp\/v2\/pages\/26723\/revisions"}],"wp:attachment":[{"href":"https:\/\/hotelslovan.sk\/en\/wp-json\/wp\/v2\/media?parent=26723"}],"curies":[{"name":"wp","href":"https:\/\/api.w.org\/{rel}","templated":true}]}}