{"id":31491,"date":"2022-12-07T20:02:16","date_gmt":"2022-12-07T18:02:16","guid":{"rendered":"https:\/\/hotelslovan.sk\/accommodation-lomnica-tatry\/izba-standard-plus-2-lozkova\/"},"modified":"2024-07-15T15:31:03","modified_gmt":"2024-07-15T13:31:03","slug":"double-room-standard-plus","status":"publish","type":"page","link":"https:\/\/hotelslovan.sk\/en\/accommodation-lomnica-tatry\/double-room-standard-plus\/","title":{"rendered":"Double room STANDARD PLUS"},"content":{"rendered":"<div class=\"row\"><div class=\"small-12 medium-6 columns\"><\/p>\n<p><span style=\"font-weight: 400;\">The <\/span><b>STANDARD PLUS double rooms<\/b><span style=\"font-weight: 400;\"> provide comfortable accommodation for two guests. You can choose from rooms with a view of either the valley or the High Tatras. The bathroom includes either a bathtub or a shower, with a toilet. If you require a baby cot, please let our reception desk know and we\u2019ll be happy to accommodate you for an additional fee. The standard plus double room also features a balcony and a refrigerator.<\/span><\/p>\n<h2>Additional information:<\/h2>\n<p>A baby cot<strong> can be placed<\/strong> in selected rooms.<br \/>\n<span style=\"font-weight: 400;\">Please note that we <\/span><b>cannot accommodate an extra bed in the room<\/b><span style=\"font-weight: 400;\">.<\/span><br \/>\nMax: 2 persons<br \/>\nView: <strong>valley or High Tatras, with loggia (balcony)<\/strong><\/p>\n<p><\/div> <!-- .columns -->\n<div class=\"small-12 medium-6 columns\"><\/p>\n<h2>Room facilities:<\/h2>\n<ul>\n<li>Double \/ twin beds 90&#215;200 cm<\/li>\n<li>Balcony<\/li>\n<li>LCD TV<\/li>\n<li>Hotel telephone<\/li>\n<li>Black-out curtains<\/li>\n<li>Bathroom with shower or bathtub and toilet<\/li>\n<li>Hair dryer<\/li>\n<li>Fire detector<\/li>\n<li>Refrigerator<\/li>\n<\/ul>\n<p><\/div> <!-- .columns --><\/div> <!-- .row -->\n<p class=\"text-center\"><a href=\"https:\/\/booking.hotelslovan.sk\" class=\"button radius uppercase\">Reservation <span class=\"button__arrow\">&gt;<\/span><\/a><\/p>\n<p><a rel=\"popup[31491]\" href=\"https:\/\/hotelslovan.sk\/wp-content\/uploads\/2023\/03\/GER_3094.jpg\"><img loading=\"lazy\" decoding=\"async\" class=\"alignnone size-medium wp-image-28779\" src=\"https:\/\/hotelslovan.sk\/wp-content\/uploads\/2023\/03\/GER_3094.jpg\" alt=\"Double room STANDARD PLUS\" width=\"390\" height=\"260\" srcset=\"https:\/\/hotelslovan.sk\/wp-content\/uploads\/2023\/03\/GER_3094.jpg 1200w, https:\/\/hotelslovan.sk\/wp-content\/uploads\/2023\/03\/GER_3094-300x200.jpg 300w, https:\/\/hotelslovan.sk\/wp-content\/uploads\/2023\/03\/GER_3094-863x576.jpg 863w, https:\/\/hotelslovan.sk\/wp-content\/uploads\/2023\/03\/GER_3094-600x401.jpg 600w\" sizes=\"auto, (max-width: 390px) 100vw, 390px\" \/><\/a><a rel=\"popup[31491]\" href=\"https:\/\/hotelslovan.sk\/wp-content\/uploads\/2023\/03\/GER_3091.jpg\"><img loading=\"lazy\" decoding=\"async\" class=\"alignnone size-medium wp-image-28776\" src=\"https:\/\/hotelslovan.sk\/wp-content\/uploads\/2023\/03\/GER_3091.jpg\" alt=\"Double room STANDARD PLUS\" width=\"390\" height=\"260\" srcset=\"https:\/\/hotelslovan.sk\/wp-content\/uploads\/2023\/03\/GER_3091.jpg 1200w, https:\/\/hotelslovan.sk\/wp-content\/uploads\/2023\/03\/GER_3091-300x200.jpg 300w, https:\/\/hotelslovan.sk\/wp-content\/uploads\/2023\/03\/GER_3091-863x576.jpg 863w, https:\/\/hotelslovan.sk\/wp-content\/uploads\/2023\/03\/GER_3091-600x401.jpg 600w\" sizes=\"auto, (max-width: 390px) 100vw, 390px\" \/><\/a><a rel=\"popup[31491]\" href=\"https:\/\/hotelslovan.sk\/wp-content\/uploads\/2023\/03\/GER_3090.jpg\"><img loading=\"lazy\" decoding=\"async\" class=\"alignnone size-medium wp-image-28773\" src=\"https:\/\/hotelslovan.sk\/wp-content\/uploads\/2023\/03\/GER_3090.jpg\" alt=\"Double room STANDARD PLUS\" width=\"255\" height=\"170\" srcset=\"https:\/\/hotelslovan.sk\/wp-content\/uploads\/2023\/03\/GER_3090.jpg 1200w, https:\/\/hotelslovan.sk\/wp-content\/uploads\/2023\/03\/GER_3090-300x200.jpg 300w, https:\/\/hotelslovan.sk\/wp-content\/uploads\/2023\/03\/GER_3090-863x576.jpg 863w, https:\/\/hotelslovan.sk\/wp-content\/uploads\/2023\/03\/GER_3090-600x401.jpg 600w\" sizes=\"auto, (max-width: 255px) 100vw, 255px\" \/><\/a><a rel=\"popup[31491]\" href=\"https:\/\/hotelslovan.sk\/wp-content\/uploads\/2023\/03\/GER_3088.jpg\"><img loading=\"lazy\" decoding=\"async\" class=\"alignnone size-medium wp-image-28770\" src=\"https:\/\/hotelslovan.sk\/wp-content\/uploads\/2023\/03\/GER_3088.jpg\" alt=\"Double room STANDARD PLUS\" width=\"255\" height=\"170\" srcset=\"https:\/\/hotelslovan.sk\/wp-content\/uploads\/2023\/03\/GER_3088.jpg 1200w, https:\/\/hotelslovan.sk\/wp-content\/uploads\/2023\/03\/GER_3088-300x200.jpg 300w, https:\/\/hotelslovan.sk\/wp-content\/uploads\/2023\/03\/GER_3088-863x576.jpg 863w, https:\/\/hotelslovan.sk\/wp-content\/uploads\/2023\/03\/GER_3088-600x401.jpg 600w\" sizes=\"auto, (max-width: 255px) 100vw, 255px\" \/><\/a><a rel=\"popup[31491]\" href=\"https:\/\/hotelslovan.sk\/wp-content\/uploads\/2023\/03\/GER_3086.jpg\"><img loading=\"lazy\" decoding=\"async\" class=\"alignnone size-medium wp-image-28767\" src=\"https:\/\/hotelslovan.sk\/wp-content\/uploads\/2023\/03\/GER_3086.jpg\" alt=\"Double room STANDARD PLUS - k\u00fape\u013e\u0148a\" width=\"255\" height=\"170\" srcset=\"https:\/\/hotelslovan.sk\/wp-content\/uploads\/2023\/03\/GER_3086.jpg 1200w, https:\/\/hotelslovan.sk\/wp-content\/uploads\/2023\/03\/GER_3086-300x200.jpg 300w, https:\/\/hotelslovan.sk\/wp-content\/uploads\/2023\/03\/GER_3086-863x576.jpg 863w, https:\/\/hotelslovan.sk\/wp-content\/uploads\/2023\/03\/GER_3086-600x401.jpg 600w\" sizes=\"auto, (max-width: 255px) 100vw, 255px\" \/><\/a><a rel=\"popup[31491]\" href=\"https:\/\/hotelslovan.sk\/wp-content\/uploads\/2023\/03\/GER_3083.jpg\"><img loading=\"lazy\" decoding=\"async\" class=\"alignnone size-medium wp-image-28764\" src=\"https:\/\/hotelslovan.sk\/wp-content\/uploads\/2023\/03\/GER_3083.jpg\" alt=\"Double room STANDARD PLUS\" width=\"255\" height=\"170\" srcset=\"https:\/\/hotelslovan.sk\/wp-content\/uploads\/2023\/03\/GER_3083.jpg 1200w, https:\/\/hotelslovan.sk\/wp-content\/uploads\/2023\/03\/GER_3083-300x200.jpg 300w, https:\/\/hotelslovan.sk\/wp-content\/uploads\/2023\/03\/GER_3083-863x576.jpg 863w, https:\/\/hotelslovan.sk\/wp-content\/uploads\/2023\/03\/GER_3083-600x401.jpg 600w\" sizes=\"auto, (max-width: 255px) 100vw, 255px\" \/><\/a><a rel=\"popup[31491]\" href=\"https:\/\/hotelslovan.sk\/wp-content\/uploads\/2023\/03\/GER_3082.jpg\"><img loading=\"lazy\" decoding=\"async\" class=\"alignnone size-medium wp-image-28761\" src=\"https:\/\/hotelslovan.sk\/wp-content\/uploads\/2023\/03\/GER_3082.jpg\" alt=\"Double room STANDARD PLUS\" width=\"255\" height=\"170\" srcset=\"https:\/\/hotelslovan.sk\/wp-content\/uploads\/2023\/03\/GER_3082.jpg 1200w, https:\/\/hotelslovan.sk\/wp-content\/uploads\/2023\/03\/GER_3082-300x200.jpg 300w, https:\/\/hotelslovan.sk\/wp-content\/uploads\/2023\/03\/GER_3082-863x576.jpg 863w, https:\/\/hotelslovan.sk\/wp-content\/uploads\/2023\/03\/GER_3082-600x401.jpg 600w\" sizes=\"auto, (max-width: 255px) 100vw, 255px\" \/><\/a><a rel=\"popup[31491]\" href=\"https:\/\/hotelslovan.sk\/wp-content\/uploads\/2018\/06\/RBS_1293-864x576.jpg\"><img loading=\"lazy\" decoding=\"async\" class=\"alignnone size-medium wp-image-26449\" src=\"https:\/\/hotelslovan.sk\/wp-content\/uploads\/2018\/06\/RBS_1293-864x576.jpg\" alt=\"Double room STANDARD PLUS\" width=\"255\" height=\"170\" srcset=\"https:\/\/hotelslovan.sk\/wp-content\/uploads\/2018\/06\/RBS_1293-864x576.jpg 864w, https:\/\/hotelslovan.sk\/wp-content\/uploads\/2018\/06\/RBS_1293-300x200.jpg 300w, https:\/\/hotelslovan.sk\/wp-content\/uploads\/2018\/06\/RBS_1293-600x400.jpg 600w\" sizes=\"auto, (max-width: 255px) 100vw, 255px\" \/><\/a><a rel=\"popup[31491]\" href=\"https:\/\/hotelslovan.sk\/wp-content\/uploads\/2018\/06\/RBS_1297-876x576.jpg\"><img loading=\"lazy\" decoding=\"async\" class=\"alignnone size-medium wp-image-26455\" src=\"https:\/\/hotelslovan.sk\/wp-content\/uploads\/2018\/06\/RBS_1297-876x576.jpg\" alt=\"Double room STANDARD PLUS\" width=\"255\" height=\"170\" \/><\/a><a rel=\"popup[31491]\" href=\"https:\/\/hotelslovan.sk\/wp-content\/uploads\/2018\/06\/RBS_1299-864x576.jpg\"><img loading=\"lazy\" decoding=\"async\" class=\"alignnone size-medium wp-image-26458\" src=\"https:\/\/hotelslovan.sk\/wp-content\/uploads\/2018\/06\/RBS_1299-864x576.jpg\" alt=\"Double room STANDARD PLUS\" width=\"255\" height=\"170\" srcset=\"https:\/\/hotelslovan.sk\/wp-content\/uploads\/2018\/06\/RBS_1299-864x576.jpg 864w, https:\/\/hotelslovan.sk\/wp-content\/uploads\/2018\/06\/RBS_1299-300x200.jpg 300w, https:\/\/hotelslovan.sk\/wp-content\/uploads\/2018\/06\/RBS_1299-600x400.jpg 600w\" sizes=\"auto, (max-width: 255px) 100vw, 255px\" \/><\/a><a rel=\"popup[31491]\" href=\"https:\/\/hotelslovan.sk\/wp-content\/uploads\/2018\/06\/RBS_1284-1-864x576.jpg\"><img loading=\"lazy\" decoding=\"async\" class=\"alignnone size-medium wp-image-26461\" src=\"https:\/\/hotelslovan.sk\/wp-content\/uploads\/2018\/06\/RBS_1284-1-864x576.jpg\" alt=\"Double room STANDARD PLUS\" width=\"255\" height=\"170\" srcset=\"https:\/\/hotelslovan.sk\/wp-content\/uploads\/2018\/06\/RBS_1284-1-864x576.jpg 864w, https:\/\/hotelslovan.sk\/wp-content\/uploads\/2018\/06\/RBS_1284-1-300x200.jpg 300w, https:\/\/hotelslovan.sk\/wp-content\/uploads\/2018\/06\/RBS_1284-1-600x400.jpg 600w\" sizes=\"auto, (max-width: 255px) 100vw, 255px\" \/><\/a><a rel=\"popup[31491]\" href=\"https:\/\/hotelslovan.sk\/wp-content\/uploads\/2018\/06\/RBS_1304-864x576.jpg\"><img loading=\"lazy\" decoding=\"async\" class=\"alignnone size-medium wp-image-26464\" src=\"https:\/\/hotelslovan.sk\/wp-content\/uploads\/2018\/06\/RBS_1304-864x576.jpg\" alt=\"Double room STANDARD PLUS\" width=\"390\" height=\"260\" \/><\/a><a rel=\"popup[31491]\" href=\"https:\/\/hotelslovan.sk\/wp-content\/uploads\/2018\/06\/RBS_1306-864x576.jpg\"><img loading=\"lazy\" decoding=\"async\" class=\"alignnone size-medium wp-image-26467\" src=\"https:\/\/hotelslovan.sk\/wp-content\/uploads\/2018\/06\/RBS_1306-864x576.jpg\" alt=\"Double room STANDARD PLUS\" width=\"390\" height=\"260\" srcset=\"https:\/\/hotelslovan.sk\/wp-content\/uploads\/2018\/06\/RBS_1306-864x576.jpg 864w, https:\/\/hotelslovan.sk\/wp-content\/uploads\/2018\/06\/RBS_1306-300x200.jpg 300w, https:\/\/hotelslovan.sk\/wp-content\/uploads\/2018\/06\/RBS_1306-600x400.jpg 600w\" sizes=\"auto, (max-width: 390px) 100vw, 390px\" \/><\/a><\/p>\n<p>&nbsp;<\/p>\n","protected":false},"excerpt":{"rendered":"<p>&nbsp;<\/p>\n","protected":false},"author":14,"featured_media":0,"parent":2256,"menu_order":5,"comment_status":"closed","ping_status":"closed","template":"","meta":{"_acf_changed":false,"footnotes":""},"class_list":["post-31491","page","type-page","status-publish","hentry"],"acf":[],"_links":{"self":[{"href":"https:\/\/hotelslovan.sk\/en\/wp-json\/wp\/v2\/pages\/31491","targetHints":{"allow":["GET"]}}],"collection":[{"href":"https:\/\/hotelslovan.sk\/en\/wp-json\/wp\/v2\/pages"}],"about":[{"href":"https:\/\/hotelslovan.sk\/en\/wp-json\/wp\/v2\/types\/page"}],"author":[{"embeddable":true,"href":"https:\/\/hotelslovan.sk\/en\/wp-json\/wp\/v2\/users\/14"}],"replies":[{"embeddable":true,"href":"https:\/\/hotelslovan.sk\/en\/wp-json\/wp\/v2\/comments?post=31491"}],"version-history":[{"count":6,"href":"https:\/\/hotelslovan.sk\/en\/wp-json\/wp\/v2\/pages\/31491\/revisions"}],"predecessor-version":[{"id":32379,"href":"https:\/\/hotelslovan.sk\/en\/wp-json\/wp\/v2\/pages\/31491\/revisions\/32379"}],"up":[{"embeddable":true,"href":"https:\/\/hotelslovan.sk\/en\/wp-json\/wp\/v2\/pages\/2256"}],"wp:attachment":[{"href":"https:\/\/hotelslovan.sk\/en\/wp-json\/wp\/v2\/media?parent=31491"}],"curies":[{"name":"wp","href":"https:\/\/api.w.org\/{rel}","templated":true}]}}